{"id":2881,"date":"2020-07-23T09:57:07","date_gmt":"2020-07-23T07:57:07","guid":{"rendered":"https:\/\/ric-leoben.at\/?page_id=2881"},"modified":"2023-04-05T12:36:09","modified_gmt":"2023-04-05T10:36:09","slug":"vision","status":"publish","type":"page","link":"https:\/\/ric-leoben.at\/de\/home\/office\/vision\/","title":{"rendered":"Vision"},"content":{"rendered":"\n<p>Das Resources Innnovation Center der Montanuniversit\u00e4t Leoben (RIC Leoben) b\u00fcndelt alle Rohstoffinnovations- und Nachhaltigkeitsaktivit\u00e4ten der Universit\u00e4t und wirkt Instituts- und Lehrstuhl-\u00fcbergreifend als Koordinator und Katalysator zur Themen- und Projektentwicklung mit internen und externen Stakeholdern.<\/p>\n\n\n\n<p>Das RIC Leoben betreibt zu allererst die seit 1.1.2015 bestehende Beteiligung der Montanuniversit\u00e4t am <em>EIT RawMaterials<\/em> als offizielles Regional Center.<\/p>\n\n\n\n<p>Heute betreut das RIC Leoben Forschungsprojekte zu den Themen Digitalisierung der Gewinnungs-, Aufbereitungs- und Verarbeitungsprozesse sowie Lieferketten f\u00fcr Rohstoffe, Innovative Rohstoffe f\u00fcr die Digitalisierung sowie Substitution kritischer Rohstoffe, zum Beispiel hochreiner elementarer Kohlenstoff.<\/p>\n\n\n\n<p>Das RIC Leoben hat sich durch seine Rohstoffinnovationsaktivit\u00e4ten mit dem Themenbereich des Klimawandels und der Wirkung der zirkul\u00e4ren wie auch linearen Rohstofffl\u00fcsse in diesem Kontext auseinandergesetzt. Dadurch haben sich auch zahlreiche Aktivit\u00e4ten im Bereich Klimaschutz und Planetarische Grenzen entwickelt.<\/p>\n","protected":false},"excerpt":{"rendered":"Das Resources Innnovation Center der Montanuniversit\u00e4t Leoben (RIC Leoben) b\u00fcndelt alle Rohstoffinnovations- und Nachhaltigkeitsaktivit\u00e4ten der Universit\u00e4t und wirkt Instituts- und Lehrstuhl-\u00fcbergreifend als Koordinator und Katalysator zur Themen- und Projektentwicklung mit&#8230; <a class=\"view-article\" href=\"https:\/\/ric-leoben.at\/de\/home\/office\/vision\/\">Artikel ansehen<\/a>","protected":false},"author":9,"featured_media":0,"parent":15,"menu_order":71,"comment_status":"closed","ping_status":"closed","template":"office.php","meta":{"_acf_changed":false,"_uag_custom_page_level_css":"","footnotes":""},"class_list":["post-2881","page","type-page","status-publish","hentry"],"acf":[],"yoast_head":"<!-- This site is optimized with the Yoast SEO plugin v27.3 - https:\/\/yoast.com\/product\/yoast-seo-wordpress\/ -->\n<title>Vision - \u00a0RIC Leoben<\/title>\n<meta name=\"robots\" content=\"index, follow, max-snippet:-1, max-image-preview:large, max-video-preview:-1\" \/>\n<link rel=\"canonical\" href=\"https:\/\/ric-leoben.at\/de\/home\/office\/vision\/\" \/>\n<meta property=\"og:locale\" content=\"de_DE\" \/>\n<meta property=\"og:type\" content=\"article\" \/>\n<meta property=\"og:title\" content=\"Vision - \u00a0RIC Leoben\" \/>\n<meta property=\"og:description\" content=\"Das Resources Innnovation Center der Montanuniversit\u00e4t Leoben (RIC Leoben) b\u00fcndelt alle Rohstoffinnovations- und Nachhaltigkeitsaktivit\u00e4ten der Universit\u00e4t und wirkt Instituts- und Lehrstuhl-\u00fcbergreifend als Koordinator und Katalysator zur Themen- und Projektentwicklung mit... Artikel ansehen\" \/>\n<meta property=\"og:url\" content=\"https:\/\/ric-leoben.at\/de\/home\/office\/vision\/\" \/>\n<meta property=\"og:site_name\" content=\"\u00a0RIC Leoben\" \/>\n<meta property=\"article:modified_time\" content=\"2023-04-05T10:36:09+00:00\" \/>\n<meta property=\"og:image\" content=\"https:\/\/ric-leoben.at\/wp-content\/uploads\/2020\/06\/cropped-ric-favicon.png\" \/>\n\t<meta property=\"og:image:width\" content=\"512\" \/>\n\t<meta property=\"og:image:height\" content=\"512\" \/>\n\t<meta property=\"og:image:type\" content=\"image\/png\" \/>\n<meta name=\"twitter:card\" content=\"summary_large_image\" \/>\n<meta name=\"twitter:label1\" content=\"Gesch\u00e4tzte Lesezeit\" \/>\n\t<meta name=\"twitter:data1\" content=\"1\u00a0Minute\" \/>\n<script type=\"application\/ld+json\" class=\"yoast-schema-graph\">{\"@context\":\"https:\\\/\\\/schema.org\",\"@graph\":[{\"@type\":\"WebPage\",\"@id\":\"https:\\\/\\\/ric-leoben.at\\\/de\\\/home\\\/office\\\/vision\\\/\",\"url\":\"https:\\\/\\\/ric-leoben.at\\\/de\\\/home\\\/office\\\/vision\\\/\",\"name\":\"Vision - \u00a0RIC Leoben\",\"isPartOf\":{\"@id\":\"https:\\\/\\\/ric-leoben.at\\\/#website\"},\"datePublished\":\"2020-07-23T07:57:07+00:00\",\"dateModified\":\"2023-04-05T10:36:09+00:00\",\"breadcrumb\":{\"@id\":\"https:\\\/\\\/ric-leoben.at\\\/de\\\/home\\\/office\\\/vision\\\/#breadcrumb\"},\"inLanguage\":\"de\",\"potentialAction\":[{\"@type\":\"ReadAction\",\"target\":[\"https:\\\/\\\/ric-leoben.at\\\/de\\\/home\\\/office\\\/vision\\\/\"]}]},{\"@type\":\"BreadcrumbList\",\"@id\":\"https:\\\/\\\/ric-leoben.at\\\/de\\\/home\\\/office\\\/vision\\\/#breadcrumb\",\"itemListElement\":[{\"@type\":\"ListItem\",\"position\":1,\"name\":\"Home\",\"item\":\"https:\\\/\\\/ric-leoben.at\\\/de\\\/\"},{\"@type\":\"ListItem\",\"position\":2,\"name\":\"Home\",\"item\":\"https:\\\/\\\/ric-leoben.at\\\/de\\\/\"},{\"@type\":\"ListItem\",\"position\":3,\"name\":\"\u00dcber Uns\",\"item\":\"https:\\\/\\\/ric-leoben.at\\\/de\\\/home\\\/office\\\/\"},{\"@type\":\"ListItem\",\"position\":4,\"name\":\"Vision\"}]},{\"@type\":\"WebSite\",\"@id\":\"https:\\\/\\\/ric-leoben.at\\\/#website\",\"url\":\"https:\\\/\\\/ric-leoben.at\\\/\",\"name\":\"\u00a0RIC Leoben\",\"description\":\"\u00a0Resources Innovation Center Leoben\",\"potentialAction\":[{\"@type\":\"SearchAction\",\"target\":{\"@type\":\"EntryPoint\",\"urlTemplate\":\"https:\\\/\\\/ric-leoben.at\\\/?s={search_term_string}\"},\"query-input\":{\"@type\":\"PropertyValueSpecification\",\"valueRequired\":true,\"valueName\":\"search_term_string\"}}],\"inLanguage\":\"de\"}]}<\/script>\n<!-- \/ Yoast SEO plugin. -->","yoast_head_json":{"title":"Vision - \u00a0RIC Leoben","robots":{"index":"index","follow":"follow","max-snippet":"max-snippet:-1","max-image-preview":"max-image-preview:large","max-video-preview":"max-video-preview:-1"},"canonical":"https:\/\/ric-leoben.at\/de\/home\/office\/vision\/","og_locale":"de_DE","og_type":"article","og_title":"Vision - \u00a0RIC Leoben","og_description":"Das Resources Innnovation Center der Montanuniversit\u00e4t Leoben (RIC Leoben) b\u00fcndelt alle Rohstoffinnovations- und Nachhaltigkeitsaktivit\u00e4ten der Universit\u00e4t und wirkt Instituts- und Lehrstuhl-\u00fcbergreifend als Koordinator und Katalysator zur Themen- und Projektentwicklung mit... Artikel ansehen","og_url":"https:\/\/ric-leoben.at\/de\/home\/office\/vision\/","og_site_name":"\u00a0RIC Leoben","article_modified_time":"2023-04-05T10:36:09+00:00","og_image":[{"width":512,"height":512,"url":"https:\/\/ric-leoben.at\/wp-content\/uploads\/2020\/06\/cropped-ric-favicon.png","type":"image\/png"}],"twitter_card":"summary_large_image","twitter_misc":{"Gesch\u00e4tzte Lesezeit":"1\u00a0Minute"},"schema":{"@context":"https:\/\/schema.org","@graph":[{"@type":"WebPage","@id":"https:\/\/ric-leoben.at\/de\/home\/office\/vision\/","url":"https:\/\/ric-leoben.at\/de\/home\/office\/vision\/","name":"Vision - \u00a0RIC Leoben","isPartOf":{"@id":"https:\/\/ric-leoben.at\/#website"},"datePublished":"2020-07-23T07:57:07+00:00","dateModified":"2023-04-05T10:36:09+00:00","breadcrumb":{"@id":"https:\/\/ric-leoben.at\/de\/home\/office\/vision\/#breadcrumb"},"inLanguage":"de","potentialAction":[{"@type":"ReadAction","target":["https:\/\/ric-leoben.at\/de\/home\/office\/vision\/"]}]},{"@type":"BreadcrumbList","@id":"https:\/\/ric-leoben.at\/de\/home\/office\/vision\/#breadcrumb","itemListElement":[{"@type":"ListItem","position":1,"name":"Home","item":"https:\/\/ric-leoben.at\/de\/"},{"@type":"ListItem","position":2,"name":"Home","item":"https:\/\/ric-leoben.at\/de\/"},{"@type":"ListItem","position":3,"name":"\u00dcber Uns","item":"https:\/\/ric-leoben.at\/de\/home\/office\/"},{"@type":"ListItem","position":4,"name":"Vision"}]},{"@type":"WebSite","@id":"https:\/\/ric-leoben.at\/#website","url":"https:\/\/ric-leoben.at\/","name":"\u00a0RIC Leoben","description":"\u00a0Resources Innovation Center Leoben","potentialAction":[{"@type":"SearchAction","target":{"@type":"EntryPoint","urlTemplate":"https:\/\/ric-leoben.at\/?s={search_term_string}"},"query-input":{"@type":"PropertyValueSpecification","valueRequired":true,"valueName":"search_term_string"}}],"inLanguage":"de"}]}},"uagb_featured_image_src":{"full":false,"thumbnail":false,"medium":false,"medium_large":false,"large":false,"1536x1536":false,"2048x2048":false,"small":false,"custom-size":false},"uagb_author_info":{"display_name":"Hanno Bertignoll","author_link":"https:\/\/ric-leoben.at\/de\/author\/hanno\/"},"uagb_comment_info":0,"uagb_excerpt":"Das Resources Innnovation Center der Montanuniversit\u00e4t Leoben (RIC Leoben) b\u00fcndelt alle Rohstoffinnovations- und Nachhaltigkeitsaktivit\u00e4ten der Universit\u00e4t und wirkt Instituts- und Lehrstuhl-\u00fcbergreifend als Koordinator und Katalysator zur Themen- und Projektentwicklung mit... Artikel ansehen","_links":{"self":[{"href":"https:\/\/ric-leoben.at\/de\/wp-json\/wp\/v2\/pages\/2881","targetHints":{"allow":["GET"]}}],"collection":[{"href":"https:\/\/ric-leoben.at\/de\/wp-json\/wp\/v2\/pages"}],"about":[{"href":"https:\/\/ric-leoben.at\/de\/wp-json\/wp\/v2\/types\/page"}],"author":[{"embeddable":true,"href":"https:\/\/ric-leoben.at\/de\/wp-json\/wp\/v2\/users\/9"}],"replies":[{"embeddable":true,"href":"https:\/\/ric-leoben.at\/de\/wp-json\/wp\/v2\/comments?post=2881"}],"version-history":[{"count":2,"href":"https:\/\/ric-leoben.at\/de\/wp-json\/wp\/v2\/pages\/2881\/revisions"}],"predecessor-version":[{"id":5186,"href":"https:\/\/ric-leoben.at\/de\/wp-json\/wp\/v2\/pages\/2881\/revisions\/5186"}],"up":[{"embeddable":true,"href":"https:\/\/ric-leoben.at\/de\/wp-json\/wp\/v2\/pages\/15"}],"wp:attachment":[{"href":"https:\/\/ric-leoben.at\/de\/wp-json\/wp\/v2\/media?parent=2881"}],"curies":[{"name":"wp","href":"https:\/\/api.w.org\/{rel}","templated":true}]}}